{"id":227,"date":"2021-05-20T21:42:20","date_gmt":"2021-05-21T02:42:20","guid":{"rendered":"https:\/\/www.shenansherwell.com\/?page_id=227"},"modified":"2023-06-08T20:23:29","modified_gmt":"2023-06-09T02:23:29","slug":"acerca-de-shenan-sherwell","status":"publish","type":"page","link":"https:\/\/www.shenansherwell.com\/es\/acerca-de-shenan-sherwell\/","title":{"rendered":"Acerca de Shenan Sherwell"},"content":{"rendered":"\n<div class=\"wp-block-genesis-blocks-gb-container gb-layout-landing-2 gb-block-container alignfull\"><div class=\"gb-container-inside\"><div class=\"gb-container-content\" style=\"max-width:1600px\">\n<div style=\"padding-left:5%;padding-right:5%;padding-bottom:5%;padding-top:5%\" class=\"wp-block-genesis-blocks-gb-container gb-block-container\"><div class=\"gb-container-inside\"><div class=\"gb-container-content\" style=\"max-width:700px\">\n<div style=\"background-color:#ffffff;color:#32373c\" class=\"wp-block-genesis-blocks-gb-profile-box round gb-has-avatar gb-font-size-20 gb-block-profile gb-profile-columns\"><div class=\"gb-profile-column gb-profile-avatar-wrap\"><div class=\"gb-profile-image-wrap\"><figure class=\"gb-profile-image-square\"><img loading=\"lazy\" decoding=\"async\" width=\"400\" height=\"395\" class=\"gb-profile-avatar wp-image-67\" src=\"https:\/\/www.shenansherwell.com\/wp-content\/uploads\/2019\/08\/profile-shenan-sherwell.jpg\" alt=\"shenan sherwell\" srcset=\"https:\/\/www.shenansherwell.com\/wp-content\/uploads\/2019\/08\/profile-shenan-sherwell.jpg 400w, https:\/\/www.shenansherwell.com\/wp-content\/uploads\/2019\/08\/profile-shenan-sherwell-300x296.jpg 300w, https:\/\/www.shenansherwell.com\/wp-content\/uploads\/2019\/08\/profile-shenan-sherwell-75x75.jpg 75w\" sizes=\"auto, (max-width: 400px) 100vw, 400px\" \/><\/figure><\/div><\/div><div class=\"gb-profile-column gb-profile-content-wrap\"><h2 class=\"gb-profile-name\" style=\"color:#32373c\">Shenandoah Sherwell<\/h2><p class=\"gb-profile-title\" style=\"color:#32373c\"><\/p><div class=\"gb-profile-text\"><p>Como experto en SEO y marketing digital, me enfoco en generar crecimiento a trav\u00e9s de estrategias innovadoras de inbound marketing y soluciones de comunicaci\u00f3n digital que resuelven necesidades comerciales.<\/p><\/div><ul class=\"gb-social-links\"><li><a href=\"https:\/\/twitter.com\/shenansherwell\" target=\"_blank\" rel=\"noopener noreferrer\" style=\"background-color:#006496\" aria-label=\"Twitter\"><svg aria-labelledby=\"gb-link-twitter-87751fa5-4cf5-4192-8f17-9bdfb0237aaa\" role=\"img\" xmlns=\"http:\/\/www.w3.org\/2000\/svg\" viewBox=\"0 0 24 24\"><title id=\"gb-link-twitter-87751fa5-4cf5-4192-8f17-9bdfb0237aaa\">Visit Twitter account (opens in a new tab)<\/title><path fill=\"#fff\" d=\"M23.953 4.57a10 10 0 01-2.825.775 4.958 4.958 0 002.163-2.723c-.951.555-2.005.959-3.127 1.184a4.92 4.92 0 00-8.384 4.482C7.69 8.095 4.067 6.13 1.64 3.162a4.822 4.822 0 00-.666 2.475c0 1.71.87 3.213 2.188 4.096a4.904 4.904 0 01-2.228-.616v.06a4.923 4.923 0 003.946 4.827 4.996 4.996 0 01-2.212.085 4.936 4.936 0 004.604 3.417 9.867 9.867 0 01-6.102 2.105c-.39 0-.779-.023-1.17-.067a13.995 13.995 0 007.557 2.209c9.053 0 13.998-7.496 13.998-13.985 0-.21 0-.42-.015-.63A9.935 9.935 0 0024 4.59z\"><\/path><\/svg><\/a><\/li><li><a href=\"https:\/\/www.linkedin.com\/in\/shenandoah-sherwell\/\" target=\"_blank\" rel=\"noopener noreferrer\" style=\"background-color:#006496\" aria-label=\"LinkedIn\"><svg aria-labelledby=\"gb-link-linkedin-87751fa5-4cf5-4192-8f17-9bdfb0237aaa\" role=\"img\" viewBox=\"0 0 24 24\" xmlns=\"http:\/\/www.w3.org\/2000\/svg\"><title id=\"gb-link-linkedin-87751fa5-4cf5-4192-8f17-9bdfb0237aaa\">Visit LinkedIn account (opens in a new tab)<\/title><path fill=\"#fff\" d=\"M20.447 20.452h-3.554v-5.569c0-1.328-.027-3.037-1.852-3.037-1.853 0-2.136 1.445-2.136 2.939v5.667H9.351V9h3.414v1.561h.046c.477-.9 1.637-1.85 3.37-1.85 3.601 0 4.267 2.37 4.267 5.455v6.286zM5.337 7.433c-1.144 0-2.063-.926-2.063-2.065 0-1.138.92-2.063 2.063-2.063 1.14 0 2.064.925 2.064 2.063 0 1.139-.925 2.065-2.064 2.065zm1.782 13.019H3.555V9h3.564v11.452zM22.225 0H1.771C.792 0 0 .774 0 1.729v20.542C0 23.227.792 24 1.771 24h20.451C23.2 24 24 23.227 24 22.271V1.729C24 .774 23.2 0 22.222 0h.003z\"><\/path><\/svg><\/a><\/li><\/ul><\/div><\/div>\n\n\n\n<p><\/p>\n<\/div><\/div><\/div>\n\n\n\n<div class=\"wp-block-genesis-blocks-gb-columns gb-layout-service-3 gb-layout-columns-2 gb-2-col-equal gb-has-custom-background-color gb-has-custom-text-color gb-columns-center alignfull\" style=\"padding-top:8%;padding-right:5%;padding-bottom:8%;padding-left:5%;background-color:#e41e41;color:#f5fcff\"><div class=\"gb-layout-column-wrap gb-block-layout-column-gap-4 gb-is-responsive-column\" style=\"max-width:700px\">\n<div class=\"wp-block-genesis-blocks-gb-column gb-block-layout-column\"><div class=\"gb-block-layout-column-inner\">\n<p><\/p>\n\n\n\n<h2 class=\"wp-block-heading\">10 UP<\/h2>\n\n\n\n<p>Ayudo a las organizaciones y empresas a lograr sus objetivos comerciales a trav\u00e9s de estrategias de crecimiento enfocadas en aumentar su autoridad, visibilidad y confiabilidad en l\u00ednea.<\/p>\n\n\n\n<div class=\"wp-block-buttons is-layout-flex wp-block-buttons-is-layout-flex\">\n<div class=\"wp-block-button has-custom-font-size gb-block-button\" style=\"font-size:20px;line-height:1.2\"><a class=\"wp-block-button__link has-text-color has-background wp-element-button\" href=\"https:\/\/10up.com\/about\/\" style=\"border-radius:100px;color:#ffffff;background-color:#26ad79;padding-top:10px;padding-right:1em;padding-bottom:10px;padding-left:1em\">Visita el sitio<\/a><\/div>\n<\/div>\n<\/div><\/div>\n\n\n\n<div class=\"wp-block-genesis-blocks-gb-column gb-block-layout-column gb-is-vertically-aligned-center\"><div class=\"gb-block-layout-column-inner\">\n<figure class=\"wp-block-image size-full\"><img loading=\"lazy\" decoding=\"async\" width=\"504\" height=\"496\" src=\"https:\/\/www.shenansherwell.com\/wp-content\/uploads\/2021\/09\/10up-e1632971245245.jpg\" alt=\"10UP logo\" class=\"wp-image-273\" srcset=\"https:\/\/www.shenansherwell.com\/wp-content\/uploads\/2021\/09\/10up-e1632971245245.jpg 504w, https:\/\/www.shenansherwell.com\/wp-content\/uploads\/2021\/09\/10up-e1632971245245-300x295.jpg 300w, https:\/\/www.shenansherwell.com\/wp-content\/uploads\/2021\/09\/10up-e1632971245245-75x75.jpg 75w\" sizes=\"auto, (max-width: 504px) 100vw, 504px\" \/><\/figure>\n<\/div><\/div>\n<\/div><\/div>\n\n\n\n<div class=\"wp-block-genesis-blocks-gb-columns gb-layout-service-3 gb-layout-columns-2 gb-2-col-equal gb-has-custom-background-color gb-columns-center alignfull\" style=\"padding-top:8%;padding-right:5%;padding-bottom:8%;padding-left:5%;background-color:#f6f5f1\"><div class=\"gb-layout-column-wrap gb-block-layout-column-gap-4 gb-is-responsive-column\" style=\"max-width:700px\">\n<div class=\"wp-block-genesis-blocks-gb-column gb-block-layout-column\"><div class=\"gb-block-layout-column-inner\">\n<figure class=\"wp-block-image size-large\"><img loading=\"lazy\" decoding=\"async\" width=\"550\" height=\"550\" src=\"https:\/\/www.shenansherwell.com\/wp-content\/uploads\/2019\/08\/sssmedia550.png\" alt=\"Seven Seeds Media logo\" class=\"wp-image-84\" srcset=\"https:\/\/www.shenansherwell.com\/wp-content\/uploads\/2019\/08\/sssmedia550.png 550w, https:\/\/www.shenansherwell.com\/wp-content\/uploads\/2019\/08\/sssmedia550-300x300.png 300w, https:\/\/www.shenansherwell.com\/wp-content\/uploads\/2019\/08\/sssmedia550-150x150.png 150w, https:\/\/www.shenansherwell.com\/wp-content\/uploads\/2019\/08\/sssmedia550-75x75.png 75w\" sizes=\"auto, (max-width: 550px) 100vw, 550px\" \/><\/figure>\n<\/div><\/div>\n\n\n\n<div class=\"wp-block-genesis-blocks-gb-column gb-block-layout-column gb-is-vertically-aligned-center\"><div class=\"gb-block-layout-column-inner\">\n<h2 class=\"wp-block-heading\">Seven Seeds Media<\/h2>\n\n\n\n<p>En Seven Seeds Media, me dedique a ayudar a las peque\u00f1as y medianas empresas a dise\u00f1ar, implementar y ajustar soluciones integradas de marketing digital.<\/p>\n<\/div><\/div>\n<\/div><\/div>\n\n\n\n<div class=\"wp-block-genesis-blocks-gb-columns gb-layout-service-3 gb-layout-columns-2 gb-2-col-equal gb-columns-center alignfull\" style=\"padding-top:8%;padding-right:5%;padding-bottom:8%;padding-left:5%\"><div class=\"gb-layout-column-wrap gb-block-layout-column-gap-4 gb-is-responsive-column\" style=\"max-width:700px\">\n<div class=\"wp-block-genesis-blocks-gb-column gb-block-layout-column gb-is-vertically-aligned-center\"><div class=\"gb-block-layout-column-inner\">\n<h2 class=\"wp-block-heading\">Marketing Manager en WebCreek<\/h2>\n\n\n\n<p>Como Gerente de Mercadeo Digital trabaj\u00e9 en la creaci\u00f3n e implementaci\u00f3n de una estrategia de mercadeo digital omnicanal enfocada en incrementar el tr\u00e1fico del sitio y entregar contenido significativo para cada etapa del viaje del comprador.<\/p>\n\n\n\n<div class=\"wp-block-buttons is-layout-flex wp-block-buttons-is-layout-flex\">\n<div class=\"wp-block-button has-custom-font-size gb-block-button\" style=\"font-size:20px;line-height:1.2\"><a class=\"wp-block-button__link has-text-color has-background wp-element-button\" href=\"https:\/\/www.webcreek.com\/\" style=\"border-radius:100px;color:#ffffff;background-color:#26ad79;padding-top:10px;padding-right:1em;padding-bottom:10px;padding-left:1em\">Visita el sitio<\/a><\/div>\n<\/div>\n<\/div><\/div>\n\n\n\n<div class=\"wp-block-genesis-blocks-gb-column gb-block-layout-column gb-is-vertically-aligned-center\"><div class=\"gb-block-layout-column-inner\">\n<figure class=\"wp-block-image size-large\"><img loading=\"lazy\" decoding=\"async\" width=\"500\" height=\"500\" src=\"https:\/\/www.shenansherwell.com\/wp-content\/uploads\/2021\/04\/Logo.jpg\" alt=\"\" class=\"wp-image-157\" srcset=\"https:\/\/www.shenansherwell.com\/wp-content\/uploads\/2021\/04\/Logo.jpg 500w, https:\/\/www.shenansherwell.com\/wp-content\/uploads\/2021\/04\/Logo-300x300.jpg 300w, https:\/\/www.shenansherwell.com\/wp-content\/uploads\/2021\/04\/Logo-150x150.jpg 150w, https:\/\/www.shenansherwell.com\/wp-content\/uploads\/2021\/04\/Logo-75x75.jpg 75w\" sizes=\"auto, (max-width: 500px) 100vw, 500px\" \/><\/figure>\n<\/div><\/div>\n<\/div><\/div>\n\n\n\n<div class=\"wp-block-genesis-blocks-gb-columns gb-layout-service-3 gb-layout-columns-2 gb-2-col-equal gb-has-custom-background-color gb-columns-center alignfull\" style=\"padding-top:8%;padding-right:5%;padding-bottom:8%;padding-left:5%;background-color:#f6f5f1\"><div class=\"gb-layout-column-wrap gb-block-layout-column-gap-4 gb-is-responsive-column\" style=\"max-width:700px\">\n<div class=\"wp-block-genesis-blocks-gb-column gb-block-layout-column\"><div class=\"gb-block-layout-column-inner\">\n<figure class=\"wp-block-image size-large\"><img loading=\"lazy\" decoding=\"async\" width=\"360\" height=\"720\" src=\"https:\/\/www.shenansherwell.com\/wp-content\/uploads\/2021\/04\/rocket.png\" alt=\"\" class=\"wp-image-185\" srcset=\"https:\/\/www.shenansherwell.com\/wp-content\/uploads\/2021\/04\/rocket.png 360w, https:\/\/www.shenansherwell.com\/wp-content\/uploads\/2021\/04\/rocket-150x300.png 150w, https:\/\/www.shenansherwell.com\/wp-content\/uploads\/2021\/04\/rocket-315x630.png 315w\" sizes=\"auto, (max-width: 360px) 100vw, 360px\" \/><\/figure>\n<\/div><\/div>\n\n\n\n<div class=\"wp-block-genesis-blocks-gb-column gb-block-layout-column gb-is-vertically-aligned-center\"><div class=\"gb-block-layout-column-inner\">\n<h2 class=\"wp-block-heading\">Consultor de SEO &amp; Digital Marketing  <\/h2>\n\n\n\n<p>Disfruto trabajando en la resoluci\u00f3n de problemas comerciales con estrategias innovadoras de marketing basadas en datos y soluciones digitales revolucionarias centradas en el crecimiento empresarial, el ROI y los objetivos generales de la organizaci\u00f3n<\/p>\n<\/div><\/div>\n<\/div><\/div>\n\n\n\n<div class=\"wp-block-genesis-blocks-gb-columns gb-layout-service-3 gb-layout-columns-2 gb-2-col-equal gb-columns-center alignfull\" style=\"padding-top:8%;padding-right:5%;padding-bottom:8%;padding-left:5%\"><div class=\"gb-layout-column-wrap gb-block-layout-column-gap-4 gb-is-responsive-column\" style=\"max-width:700px\">\n<div class=\"wp-block-genesis-blocks-gb-column gb-block-layout-column gb-is-vertically-aligned-center\"><div class=\"gb-block-layout-column-inner\">\n<h2 class=\"wp-block-heading\">Dise\u00f1o y Desarrollo Web<\/h2>\n\n\n\n<p>Comenc\u00e9 a programar usando AS3 en Adobe Flash cuando dominaba la Internet. Luego comence a trabajar como desarrollador front-end y de WordPress.<\/p>\n\n\n\n<p>Actualmente administro propiedades web comerciales y lidero los equipos de desarrollo, dise\u00f1o y marketing que las impulsan.<\/p>\n<\/div><\/div>\n\n\n\n<div class=\"wp-block-genesis-blocks-gb-column gb-block-layout-column gb-is-vertically-aligned-center\"><div class=\"gb-block-layout-column-inner\">\n<figure class=\"wp-block-image size-full\"><img loading=\"lazy\" decoding=\"async\" width=\"915\" height=\"630\" src=\"https:\/\/www.shenansherwell.com\/wp-content\/uploads\/2021\/04\/semantica-html-e1618366878779.jpg\" alt=\"\" class=\"wp-image-189\" srcset=\"https:\/\/www.shenansherwell.com\/wp-content\/uploads\/2021\/04\/semantica-html-e1618366878779.jpg 915w, https:\/\/www.shenansherwell.com\/wp-content\/uploads\/2021\/04\/semantica-html-e1618366878779-300x207.jpg 300w, https:\/\/www.shenansherwell.com\/wp-content\/uploads\/2021\/04\/semantica-html-e1618366878779-768x529.jpg 768w\" sizes=\"auto, (max-width: 915px) 100vw, 915px\" \/><\/figure>\n<\/div><\/div>\n<\/div><\/div>\n\n\n\n<div class=\"wp-block-genesis-blocks-gb-columns gb-slate-section-testimonial-image gb-layout-columns-2 gb-2-col-equal gb-has-background-dim gb-has-background-dim-20 gb-background-cover gb-background-no-repeat gb-has-custom-background-color gb-columns-center alignfull\" style=\"padding-top:6em;padding-right:1em;padding-bottom:6em;padding-left:1em;background-color:#1f1f1f;background-image:url(https:\/\/demo.studiopress.com\/page-builder\/gp_tangerine_sky.jpeg)\"><div class=\"gb-layout-column-wrap gb-block-layout-column-gap-2 gb-is-responsive-column\" style=\"max-width:1200px\">\n<div class=\"wp-block-genesis-blocks-gb-column gb-block-layout-column\"><div class=\"gb-block-layout-column-inner\">\n<figure class=\"wp-block-embed is-type-video is-provider-youtube wp-block-embed-youtube wp-embed-aspect-16-9 wp-has-aspect-ratio\"><div class=\"wp-block-embed__wrapper\">\n<iframe loading=\"lazy\" title=\"Seven Seeds Media Reel 2019\" width=\"500\" height=\"281\" src=\"https:\/\/www.youtube.com\/embed\/Y5BiHoKqcVU?feature=oembed\" frameborder=\"0\" allow=\"accelerometer; autoplay; clipboard-write; encrypted-media; gyroscope; picture-in-picture; web-share\" referrerpolicy=\"strict-origin-when-cross-origin\" allowfullscreen><\/iframe>\n<\/div><\/figure>\n<\/div><\/div>\n\n\n\n<div class=\"wp-block-genesis-blocks-gb-column gb-block-layout-column gb-is-vertically-aligned-center\"><div class=\"gb-block-layout-column-inner\">\n<div class=\"wp-block-group\"><div class=\"wp-block-group__inner-container is-layout-flow wp-block-group-is-layout-flow\">\n<h3 class=\"wp-block-heading has-text-color\" style=\"color:#f5f5f5;font-size:29px\">Comenc\u00e9 a animar usando Adobe Flash creando animaciones vectoriales 2D, luego hice la transici\u00f3n para crear Motion Graphics y VFX con software como Adobe AE, Nuke, C4D y Maya. <\/h3>\n\n\n\n<p><\/p>\n<\/div><\/div>\n<\/div><\/div>\n<\/div><\/div>\n\n\n\n<p><\/p>\n<\/div><\/div><\/div>\n\n\n\n<p><\/p>\n","protected":false},"excerpt":{"rendered":"","protected":false},"author":1,"featured_media":0,"parent":0,"menu_order":0,"comment_status":"closed","ping_status":"closed","template":"","meta":{"_genesis_hide_title":true,"_genesis_hide_breadcrumbs":false,"_genesis_hide_singular_image":false,"_genesis_hide_footer_widgets":false,"_genesis_custom_body_class":"","_genesis_custom_post_class":"","_genesis_layout":"","footnotes":""},"class_list":{"0":"post-227","1":"page","2":"type-page","3":"status-publish","5":"entry","6":"has-post-thumbnail"},"yoast_head":"<!-- This site is optimized with the Yoast SEO plugin v26.1.1 - https:\/\/yoast.com\/wordpress\/plugins\/seo\/ -->\n<title>Acerca de Shenan Sherwell | Shenan Sherwell<\/title>\n<meta name=\"description\" content=\"Shenandoah Sherwell experto en SEO y marketing digital, me enfoco en generar crecimiento a trav\u00e9s de estrategias de inbound marketing.\" \/>\n<meta name=\"robots\" content=\"index, follow, max-snippet:-1, max-image-preview:large, max-video-preview:-1\" \/>\n<link rel=\"canonical\" href=\"https:\/\/www.shenansherwell.com\/es\/acerca-de-shenan-sherwell\/\" \/>\n<meta property=\"og:locale\" content=\"es_ES\" \/>\n<meta property=\"og:type\" content=\"article\" \/>\n<meta property=\"og:title\" content=\"Acerca de Shenan Sherwell | Shenan Sherwell\" \/>\n<meta property=\"og:description\" content=\"Shenandoah Sherwell experto en SEO y marketing digital, me enfoco en generar crecimiento a trav\u00e9s de estrategias de inbound marketing.\" \/>\n<meta property=\"og:url\" content=\"https:\/\/www.shenansherwell.com\/es\/acerca-de-shenan-sherwell\/\" \/>\n<meta property=\"og:site_name\" content=\"Shenan Sherwell\" \/>\n<meta property=\"article:modified_time\" content=\"2023-06-09T02:23:29+00:00\" \/>\n<meta property=\"og:image\" content=\"https:\/\/www.shenansherwell.com\/wp-content\/uploads\/2019\/08\/profile-shenan-sherwell.jpg\" \/>\n<meta name=\"twitter:card\" content=\"summary_large_image\" \/>\n<meta name=\"twitter:site\" content=\"@shenansherwell\" \/>\n<meta name=\"twitter:label1\" content=\"Tiempo de lectura\" \/>\n\t<meta name=\"twitter:data1\" content=\"3 minutos\" \/>\n<script type=\"application\/ld+json\" class=\"yoast-schema-graph\">{\"@context\":\"https:\/\/schema.org\",\"@graph\":[{\"@type\":\"WebPage\",\"@id\":\"https:\/\/www.shenansherwell.com\/es\/acerca-de-shenan-sherwell\/\",\"url\":\"https:\/\/www.shenansherwell.com\/es\/acerca-de-shenan-sherwell\/\",\"name\":\"Acerca de Shenan Sherwell | Shenan Sherwell\",\"isPartOf\":{\"@id\":\"https:\/\/www.shenansherwell.com\/es\/#website\"},\"primaryImageOfPage\":{\"@id\":\"https:\/\/www.shenansherwell.com\/es\/acerca-de-shenan-sherwell\/#primaryimage\"},\"image\":{\"@id\":\"https:\/\/www.shenansherwell.com\/es\/acerca-de-shenan-sherwell\/#primaryimage\"},\"thumbnailUrl\":\"https:\/\/www.shenansherwell.com\/wp-content\/uploads\/2019\/08\/profile-shenan-sherwell.jpg\",\"datePublished\":\"2021-05-21T02:42:20+00:00\",\"dateModified\":\"2023-06-09T02:23:29+00:00\",\"description\":\"Shenandoah Sherwell experto en SEO y marketing digital, me enfoco en generar crecimiento a trav\u00e9s de estrategias de inbound marketing.\",\"breadcrumb\":{\"@id\":\"https:\/\/www.shenansherwell.com\/es\/acerca-de-shenan-sherwell\/#breadcrumb\"},\"inLanguage\":\"es\",\"potentialAction\":[{\"@type\":\"ReadAction\",\"target\":[\"https:\/\/www.shenansherwell.com\/es\/acerca-de-shenan-sherwell\/\"]}]},{\"@type\":\"ImageObject\",\"inLanguage\":\"es\",\"@id\":\"https:\/\/www.shenansherwell.com\/es\/acerca-de-shenan-sherwell\/#primaryimage\",\"url\":\"https:\/\/www.shenansherwell.com\/wp-content\/uploads\/2019\/08\/profile-shenan-sherwell.jpg\",\"contentUrl\":\"https:\/\/www.shenansherwell.com\/wp-content\/uploads\/2019\/08\/profile-shenan-sherwell.jpg\"},{\"@type\":\"BreadcrumbList\",\"@id\":\"https:\/\/www.shenansherwell.com\/es\/acerca-de-shenan-sherwell\/#breadcrumb\",\"itemListElement\":[{\"@type\":\"ListItem\",\"position\":1,\"name\":\"Home\",\"item\":\"https:\/\/www.shenansherwell.com\/es\/\"},{\"@type\":\"ListItem\",\"position\":2,\"name\":\"Acerca de Shenan Sherwell\"}]},{\"@type\":\"WebSite\",\"@id\":\"https:\/\/www.shenansherwell.com\/es\/#website\",\"url\":\"https:\/\/www.shenansherwell.com\/es\/\",\"name\":\"Shenan Sherwell\",\"description\":\"SEO &amp; Digital Marketing Consultant\",\"publisher\":{\"@id\":\"https:\/\/www.shenansherwell.com\/es\/#\/schema\/person\/9b0aecd836ad66eb589468178f10c4ad\"},\"potentialAction\":[{\"@type\":\"SearchAction\",\"target\":{\"@type\":\"EntryPoint\",\"urlTemplate\":\"https:\/\/www.shenansherwell.com\/es\/?s={search_term_string}\"},\"query-input\":{\"@type\":\"PropertyValueSpecification\",\"valueRequired\":true,\"valueName\":\"search_term_string\"}}],\"inLanguage\":\"es\"},{\"@type\":[\"Person\",\"Organization\"],\"@id\":\"https:\/\/www.shenansherwell.com\/es\/#\/schema\/person\/9b0aecd836ad66eb589468178f10c4ad\",\"name\":\"Shenan Sherwell\",\"image\":{\"@type\":\"ImageObject\",\"inLanguage\":\"es\",\"@id\":\"https:\/\/www.shenansherwell.com\/es\/#\/schema\/person\/image\/\",\"url\":\"https:\/\/www.shenansherwell.com\/wp-content\/uploads\/2019\/08\/shenan-sherwell-icon.jpg\",\"contentUrl\":\"https:\/\/www.shenansherwell.com\/wp-content\/uploads\/2019\/08\/shenan-sherwell-icon.jpg\",\"width\":512,\"height\":512,\"caption\":\"Shenan Sherwell\"},\"logo\":{\"@id\":\"https:\/\/www.shenansherwell.com\/es\/#\/schema\/person\/image\/\"},\"description\":\"I actively help small and medium-sized companies design and, implement full service web solutions that makes their business grow.\",\"sameAs\":[\"https:\/\/www.shenansherwell.com\/\",\"https:\/\/www.linkedin.com\/in\/shenandoah-sherwell\/\",\"https:\/\/x.com\/shenansherwell\"]}]}<\/script>\n<!-- \/ Yoast SEO plugin. -->","yoast_head_json":{"title":"Acerca de Shenan Sherwell | Shenan Sherwell","description":"Shenandoah Sherwell experto en SEO y marketing digital, me enfoco en generar crecimiento a trav\u00e9s de estrategias de inbound marketing.","robots":{"index":"index","follow":"follow","max-snippet":"max-snippet:-1","max-image-preview":"max-image-preview:large","max-video-preview":"max-video-preview:-1"},"canonical":"https:\/\/www.shenansherwell.com\/es\/acerca-de-shenan-sherwell\/","og_locale":"es_ES","og_type":"article","og_title":"Acerca de Shenan Sherwell | Shenan Sherwell","og_description":"Shenandoah Sherwell experto en SEO y marketing digital, me enfoco en generar crecimiento a trav\u00e9s de estrategias de inbound marketing.","og_url":"https:\/\/www.shenansherwell.com\/es\/acerca-de-shenan-sherwell\/","og_site_name":"Shenan Sherwell","article_modified_time":"2023-06-09T02:23:29+00:00","og_image":[{"url":"https:\/\/www.shenansherwell.com\/wp-content\/uploads\/2019\/08\/profile-shenan-sherwell.jpg","type":"","width":"","height":""}],"twitter_card":"summary_large_image","twitter_site":"@shenansherwell","twitter_misc":{"Tiempo de lectura":"3 minutos"},"schema":{"@context":"https:\/\/schema.org","@graph":[{"@type":"WebPage","@id":"https:\/\/www.shenansherwell.com\/es\/acerca-de-shenan-sherwell\/","url":"https:\/\/www.shenansherwell.com\/es\/acerca-de-shenan-sherwell\/","name":"Acerca de Shenan Sherwell | Shenan Sherwell","isPartOf":{"@id":"https:\/\/www.shenansherwell.com\/es\/#website"},"primaryImageOfPage":{"@id":"https:\/\/www.shenansherwell.com\/es\/acerca-de-shenan-sherwell\/#primaryimage"},"image":{"@id":"https:\/\/www.shenansherwell.com\/es\/acerca-de-shenan-sherwell\/#primaryimage"},"thumbnailUrl":"https:\/\/www.shenansherwell.com\/wp-content\/uploads\/2019\/08\/profile-shenan-sherwell.jpg","datePublished":"2021-05-21T02:42:20+00:00","dateModified":"2023-06-09T02:23:29+00:00","description":"Shenandoah Sherwell experto en SEO y marketing digital, me enfoco en generar crecimiento a trav\u00e9s de estrategias de inbound marketing.","breadcrumb":{"@id":"https:\/\/www.shenansherwell.com\/es\/acerca-de-shenan-sherwell\/#breadcrumb"},"inLanguage":"es","potentialAction":[{"@type":"ReadAction","target":["https:\/\/www.shenansherwell.com\/es\/acerca-de-shenan-sherwell\/"]}]},{"@type":"ImageObject","inLanguage":"es","@id":"https:\/\/www.shenansherwell.com\/es\/acerca-de-shenan-sherwell\/#primaryimage","url":"https:\/\/www.shenansherwell.com\/wp-content\/uploads\/2019\/08\/profile-shenan-sherwell.jpg","contentUrl":"https:\/\/www.shenansherwell.com\/wp-content\/uploads\/2019\/08\/profile-shenan-sherwell.jpg"},{"@type":"BreadcrumbList","@id":"https:\/\/www.shenansherwell.com\/es\/acerca-de-shenan-sherwell\/#breadcrumb","itemListElement":[{"@type":"ListItem","position":1,"name":"Home","item":"https:\/\/www.shenansherwell.com\/es\/"},{"@type":"ListItem","position":2,"name":"Acerca de Shenan Sherwell"}]},{"@type":"WebSite","@id":"https:\/\/www.shenansherwell.com\/es\/#website","url":"https:\/\/www.shenansherwell.com\/es\/","name":"Shenan Sherwell","description":"SEO &amp; Digital Marketing Consultant","publisher":{"@id":"https:\/\/www.shenansherwell.com\/es\/#\/schema\/person\/9b0aecd836ad66eb589468178f10c4ad"},"potentialAction":[{"@type":"SearchAction","target":{"@type":"EntryPoint","urlTemplate":"https:\/\/www.shenansherwell.com\/es\/?s={search_term_string}"},"query-input":{"@type":"PropertyValueSpecification","valueRequired":true,"valueName":"search_term_string"}}],"inLanguage":"es"},{"@type":["Person","Organization"],"@id":"https:\/\/www.shenansherwell.com\/es\/#\/schema\/person\/9b0aecd836ad66eb589468178f10c4ad","name":"Shenan Sherwell","image":{"@type":"ImageObject","inLanguage":"es","@id":"https:\/\/www.shenansherwell.com\/es\/#\/schema\/person\/image\/","url":"https:\/\/www.shenansherwell.com\/wp-content\/uploads\/2019\/08\/shenan-sherwell-icon.jpg","contentUrl":"https:\/\/www.shenansherwell.com\/wp-content\/uploads\/2019\/08\/shenan-sherwell-icon.jpg","width":512,"height":512,"caption":"Shenan Sherwell"},"logo":{"@id":"https:\/\/www.shenansherwell.com\/es\/#\/schema\/person\/image\/"},"description":"I actively help small and medium-sized companies design and, implement full service web solutions that makes their business grow.","sameAs":["https:\/\/www.shenansherwell.com\/","https:\/\/www.linkedin.com\/in\/shenandoah-sherwell\/","https:\/\/x.com\/shenansherwell"]}]}},"featured_image_src":null,"featured_image_src_square":null,"_links":{"self":[{"href":"https:\/\/www.shenansherwell.com\/es\/wp-json\/wp\/v2\/pages\/227","targetHints":{"allow":["GET"]}}],"collection":[{"href":"https:\/\/www.shenansherwell.com\/es\/wp-json\/wp\/v2\/pages"}],"about":[{"href":"https:\/\/www.shenansherwell.com\/es\/wp-json\/wp\/v2\/types\/page"}],"author":[{"embeddable":true,"href":"https:\/\/www.shenansherwell.com\/es\/wp-json\/wp\/v2\/users\/1"}],"replies":[{"embeddable":true,"href":"https:\/\/www.shenansherwell.com\/es\/wp-json\/wp\/v2\/comments?post=227"}],"version-history":[{"count":18,"href":"https:\/\/www.shenansherwell.com\/es\/wp-json\/wp\/v2\/pages\/227\/revisions"}],"predecessor-version":[{"id":511,"href":"https:\/\/www.shenansherwell.com\/es\/wp-json\/wp\/v2\/pages\/227\/revisions\/511"}],"wp:attachment":[{"href":"https:\/\/www.shenansherwell.com\/es\/wp-json\/wp\/v2\/media?parent=227"}],"curies":[{"name":"wp","href":"https:\/\/api.w.org\/{rel}","templated":true}]}}